{"id":5477,"date":"2014-06-06T15:01:57","date_gmt":"2014-06-06T13:01:57","guid":{"rendered":"http:\/\/web361.114.hosttech.eu\/?page_id=5477"},"modified":"2026-01-26T14:40:26","modified_gmt":"2026-01-26T12:40:26","slug":"kleintiere-3","status":"publish","type":"page","link":"https:\/\/www.tierarztschwyz.ch\/?page_id=5477","title":{"rendered":"Grosstiere"},"content":{"rendered":"<section  class=\"section swatch-decoration section-nopadding has-bottom \" ><div class=\"background-media\"><\/div><div class=\"background-overlay\" style=\"background-color:rgba(0,0,0,0)\"><\/div><div class=\"container\"><div class=\"row vertical-top\"><div class=\"col-md-12  text-default\" ><\/div><\/div><\/div><div class=\"decor-bottom\"><svg class=\"decor\" height=\"100%\" preserveaspectratio=\"none\" version=\"1.1\" viewbox=\"0 0 100 100\" width=\"100%\" xmlns=\"http:\/\/www.w3.org\/2000\/svg\">\n  <path d=\"M0 0 L100 0 L100 100\" stroke-width=\"0\"><\/path>\n<\/svg>\n<\/div><\/section><section  class=\"section swatch-light section-short \" ><div class=\"background-media\"><\/div><div class=\"background-overlay\" style=\"background-color:rgba(0,0,0,0)\"><\/div><div class=\"container\"><header class=\"section-header text-center underline\"><h1 class=\"headline super hairline\">Grosstiere<\/h1><p>Hier finden Sie n\u00fctzliche Formulare aus dem Bereich des Tierschutzes und des blauen Ordners<\/p><\/header><div class=\"row vertical-top\"><div class=\"col-md-12  text-default\" ><p><strong>Ovum Pick Up (OPU)<\/strong><\/p>\n<p>Seit 2022 bieten wir in Zusammenarbeit mit der Klinik f\u00fc Reproduktionsmedizin der Vetsuisse-Fakult\u00e4t der Universit\u00e4t Z\u00fcich unter der Leitung von Prof. Dr. Heiner Bollwein die in vitro Produktion von Rinderembryonen an. Die Eizellen werden in unserer OPU Station gewonnen und f\u00fc die Befruchtung in die Klinik f\u00fc Reproduktionsmedizin in Lindau geschickt.<\/p>\n<ul>\n<li><a href=\"https:\/\/www.tierarztschwyz.ch\/wp\/wp-content\/uploads\/2023\/09\/Bollwein-BVN-OPU-Rind-2022-Version-Eringer-hb.pdf\">Bollwein BVN OPU Rind 2022 Version Eringer deutsch <\/a><\/li>\n<li><a href=\"https:\/\/www.tierarztschwyz.ch\/wp\/wp-content\/uploads\/2023\/09\/Bollwein-BVN-OPU-Bilder-2022-F-A-1.pdf\">Bollwein BVN OPU-Bilder 2022 F-A<\/a><\/li>\n<li><a href=\"https:\/\/www.tierarztschwyz.ch\/wp\/wp-content\/uploads\/2023\/09\/Bollwein-BVN-OPU-Rind-2022-Version-Eringer-hb-F.pdf\">Bollwein BVN OPU Rind 2022 Version Eringer franz\u00f6sisch<\/a><\/li>\n<\/ul>\n<p><strong>Tierarzneimittelverordnung<\/strong><\/p>\n<ul>\n<li><a href=\"https:\/\/www.tierarztschwyz.ch\/wp\/wp-content\/uploads\/2016\/03\/Revision-Tierarzneimittelverordnung-per-1.-April-2016.pdf\">Revision Tierarzneimittelverordnung per 1. April 2016<\/a><\/li>\n<\/ul>\n<p><strong>Formulare F\u00fctterung<\/strong><\/p>\n<ul>\n<li><a href=\"https:\/\/www.tierarztschwyz.ch\/wp\/wp-content\/uploads\/2014\/09\/musterformular_schwein_fueam.doc\">Verabreichung von F\u00fcAM \u00fcber Fl\u00fcssigf\u00fctterungsanlage Trocken-oder Breifutterautomat <\/a>(WORD)<\/li>\n<li><a href=\"https:\/\/www.tierarztschwyz.ch\/wp\/wp-content\/uploads\/2014\/09\/eignungsprotokoll_milchtraenkeautomat.doc\">Eignungsprotokoll: Herstellung und Verabreichung von F\u00fcAM \u00fcber Milchtr\u00e4nkeautomat<\/a> (WORD)<\/li>\n<li><a href=\"https:\/\/www.tierarztschwyz.ch\/wp\/wp-content\/uploads\/2014\/09\/protokoll_milchtraenkeautomat_transponder.doc\">Protokoll: Herstellung und Verabreichung von F\u00fcAM \u00fcber Tr\u00e4nkeautomaten mit Einzeltierf\u00fctterung<\/a> (WORD)<\/li>\n<\/ul>\n<p><strong>Formulare Blauer Ordner<\/strong><\/p>\n<ul>\n<li><a href=\"https:\/\/www.tierarztschwyz.ch\/wp\/wp-content\/uploads\/2014\/09\/technische_weisung.pdf\" target=\"_blank\" rel=\"noopener\">Technische Weisung \u00fcber die Tierschutz-Grundkontrollen in Tierhaltungen mit Rindern, Schafen, Ziegen, Schweinen, Pferden, Kaninchen und\/oder Gefl\u00fcgel<\/a> (PDF)<\/li>\n<li><a href=\"https:\/\/www.tierarztschwyz.ch\/wp\/wp-content\/uploads\/2014\/12\/tierliste.pdf\">Tierliste<\/a> (PDF, am PC ausf\u00fcllen)<\/li>\n<li><a href=\"https:\/\/www.tierarztschwyz.ch\/wp\/wp-content\/uploads\/2014\/10\/liste_der_bewilligten_kuhtrainernetzgeraete.pdf\" target=\"_blank\" rel=\"noopener\">Liste der bewilligten Kuhtrainernetzger\u00e4te<\/a> (PDF)<\/li>\n<li><a href=\"https:\/\/www.tierarztschwyz.ch\/wp\/wp-content\/uploads\/2014\/09\/monatliche_kontrolle_der_eutergesundheit.pdf\" target=\"_blank\" rel=\"noopener\">Monatliche Kontrolle der Eutergesundheit<\/a> (PDF)<\/li>\n<li><a href=\"https:\/\/www.tierarztschwyz.ch\/wp\/wp-content\/uploads\/2014\/09\/inventarliste_fuer_tierarzneimittel.pdf\" target=\"_blank\" rel=\"noopener\">Inventarliste f\u00fcr Tierarzneimittel<\/a> (PDF)<\/li>\n<li><a href=\"https:\/\/www.tierarztschwyz.ch\/wp\/wp-content\/uploads\/2014\/09\/inventarliste_fuer_tierarzneimittel_elektronisch.pdf\" target=\"_blank\" rel=\"noopener\">Inventarliste f\u00fcr Tierarzneimittel<\/a> (PDF, am PC ausf\u00fcllen)<\/li>\n<li><a href=\"https:\/\/www.tierarztschwyz.ch\/wp\/wp-content\/uploads\/2014\/09\/behandlungsjournal.pdf\" target=\"_blank\" rel=\"noopener\">Behandlungsjournal<\/a>\u00a0(PDF)<\/li>\n<li><a href=\"https:\/\/www.tierarztschwyz.ch\/wp\/wp-content\/uploads\/2014\/09\/behandlungsjournal_elektonisch_1338_6_D.pdf\" target=\"_blank\" rel=\"noopener\">Behandlungsjournal<\/a>\u00a0(PDF, am PC ausf\u00fcllen)<\/li>\n<\/ul>\n<\/div><\/div><\/div><\/section><section  class=\"section swatch-light section-tiny \" ><div class=\"background-media\"><\/div><div class=\"background-overlay\" style=\"background-color:rgba(0,0,0,0)\"><\/div><div class=\"container\"><div class=\"row vertical-top\"><div class=\"col-md-12  text-default\" ><\/div><\/div><\/div><\/section><section  class=\"section swatch-decoration section-nopadding has-top \" ><div class=\"decor-top\"><svg class=\"decor\" height=\"100%\" preserveaspectratio=\"none\" version=\"1.1\" viewbox=\"0 0 100 100\" width=\"100%\" xmlns=\"http:\/\/www.w3.org\/2000\/svg\">\n  <path d=\"M0 0 L100 100 L0 100\" stroke-width=\"0\"><\/path>\n<\/svg>\n<\/div><div class=\"background-media\"><\/div><div class=\"background-overlay\" style=\"background-color:rgba(0,0,0,0)\"><\/div><div class=\"container\"><div class=\"row vertical-top\"><div class=\"col-md-12  text-default\" ><\/div><\/div><\/div><\/section>\n","protected":false},"excerpt":{"rendered":"","protected":false},"author":1,"featured_media":0,"parent":0,"menu_order":0,"comment_status":"open","ping_status":"closed","template":"","meta":{"footnotes":""},"class_list":["post-5477","page","type-page","status-publish","hentry"],"publishpress_future_action":{"enabled":false,"date":"2026-05-10 15:25:35","action":"change-status","newStatus":"draft","terms":[],"taxonomy":"","extraData":[]},"publishpress_future_workflow_manual_trigger":{"enabledWorkflows":[]},"_links":{"self":[{"href":"https:\/\/www.tierarztschwyz.ch\/index.php?rest_route=\/wp\/v2\/pages\/5477","targetHints":{"allow":["GET"]}}],"collection":[{"href":"https:\/\/www.tierarztschwyz.ch\/index.php?rest_route=\/wp\/v2\/pages"}],"about":[{"href":"https:\/\/www.tierarztschwyz.ch\/index.php?rest_route=\/wp\/v2\/types\/page"}],"author":[{"embeddable":true,"href":"https:\/\/www.tierarztschwyz.ch\/index.php?rest_route=\/wp\/v2\/users\/1"}],"replies":[{"embeddable":true,"href":"https:\/\/www.tierarztschwyz.ch\/index.php?rest_route=%2Fwp%2Fv2%2Fcomments&post=5477"}],"version-history":[{"count":52,"href":"https:\/\/www.tierarztschwyz.ch\/index.php?rest_route=\/wp\/v2\/pages\/5477\/revisions"}],"predecessor-version":[{"id":7259,"href":"https:\/\/www.tierarztschwyz.ch\/index.php?rest_route=\/wp\/v2\/pages\/5477\/revisions\/7259"}],"wp:attachment":[{"href":"https:\/\/www.tierarztschwyz.ch\/index.php?rest_route=%2Fwp%2Fv2%2Fmedia&parent=5477"}],"curies":[{"name":"wp","href":"https:\/\/api.w.org\/{rel}","templated":true}]}}