{"id":4246,"date":"2014-05-19T16:36:30","date_gmt":"2014-05-19T14:36:30","guid":{"rendered":"http:\/\/web361.114.hosttech.eu\/?page_id=4246"},"modified":"2026-01-26T16:05:35","modified_gmt":"2026-01-26T14:05:35","slug":"startseite","status":"publish","type":"page","link":"https:\/\/www.tierarztschwyz.ch\/","title":{"rendered":"Home"},"content":{"rendered":"<section  class=\"section swatch-decoration section-nopadding has-bottom \" ><div class=\"background-media\"><\/div><div class=\"background-overlay\" style=\"background-color:rgba(0,0,0,0)\"><\/div><div class=\"container\"><div class=\"row vertical-top\"><div class=\"col-md-12  text-default\" ><\/div><\/div><\/div><div class=\"decor-bottom\"><svg class=\"decor\" height=\"100%\" preserveaspectratio=\"none\" version=\"1.1\" viewbox=\"0 0 100 100\" width=\"100%\" xmlns=\"http:\/\/www.w3.org\/2000\/svg\">\n  <path d=\"M0 0 L100 0 L100 100\" stroke-width=\"0\"><\/path>\n<\/svg>\n<\/div><\/section><section  class=\"section swatch-light section-nopadding has-top \" ><div class=\"decor-top\"><svg class=\"decor\" height=\"100%\" preserveaspectratio=\"none\" version=\"1.1\" viewbox=\"0 0 100 100\" width=\"100%\" xmlns=\"http:\/\/www.w3.org\/2000\/svg\">\n  <path d=\"M0 0 L100 100 L0 100\" stroke-width=\"0\"><\/path>\n<\/svg>\n<\/div><div class=\"background-media\"><\/div><div class=\"background-overlay\" style=\"background-color:rgba(0,0,0,0)\"><\/div><div class=\"container-fullwidth\"><div class=\"row vertical-top\"><div class=\"col-md-12  text-default\" ><\/div><\/div><\/div><\/section><section  class=\"section swatch-light section-tiny \" ><div class=\"background-media\"><\/div><div class=\"background-overlay\" style=\"background-color:rgba(0,0,0,0)\"><\/div><div class=\"container\"><div class=\"row vertical-top\"><div class=\"col-md-12  text-default\" ><div class=\"row\">\n    <ul class=\"list-unstyled\">        <li class=\"post-item col-md-6\">\n            <div class=\"grid-post swatch-tierpraxis-weiss-blau\">\n<article id=\"post-7298\" class=\"post-showinfo  post-7298 post type-post status-publish format-standard hentry category-allgemein category-news\">\n    <div class=\"post-media overlay\">\n            <\/div>\n    <div class=\"post-head small-screen-center\">\n        <h2 class=\"post-title entry-title\">\n            <a href=\"https:\/\/www.tierarztschwyz.ch\/?p=7298\" title=\"Permalink to Neue Lehrtochter\" rel=\"bookmark\">\n                Neue Lehrtochter            <\/a>\n        <\/h2>\n        <small class=\"post-author\">\n            <a href=\"https:\/\/www.tierarztschwyz.ch\/?author=1\">\n                admin            <\/a>\n        <\/small>\n        <small class=\"post-date\">\n            26. September 2024        <\/small>        <div class=\"post-icon\">\n            <div class=\"hex hex-big\">\n                <i class=\"fa fa-file-text\"><\/i>            <\/div>\n        <\/div>    <\/div>\n    <div class=\"post-body entry-content\">\n                <p><a href=\"https:\/\/www.tierarztschwyz.ch\/wp\/wp-content\/uploads\/2024\/09\/bild-natalie2.jpg\"><img loading=\"lazy\" decoding=\"async\" class=\"wp-image-7142 size-full alignleft\" src=\"https:\/\/www.tierarztschwyz.ch\/wp\/wp-content\/uploads\/2024\/09\/bild-natalie2.jpg\" alt=\"\" width=\"1086\" height=\"1090\" srcset=\"https:\/\/www.tierarztschwyz.ch\/wp\/wp-content\/uploads\/2024\/09\/bild-natalie2.jpg 1086w, https:\/\/www.tierarztschwyz.ch\/wp\/wp-content\/uploads\/2024\/09\/bild-natalie2-100x100.jpg 100w, https:\/\/www.tierarztschwyz.ch\/wp\/wp-content\/uploads\/2024\/09\/bild-natalie2-700x703.jpg 700w, https:\/\/www.tierarztschwyz.ch\/wp\/wp-content\/uploads\/2024\/09\/bild-natalie2-150x150.jpg 150w, https:\/\/www.tierarztschwyz.ch\/wp\/wp-content\/uploads\/2024\/09\/bild-natalie2-300x300.jpg 300w, https:\/\/www.tierarztschwyz.ch\/wp\/wp-content\/uploads\/2024\/09\/bild-natalie2-768x771.jpg 768w, https:\/\/www.tierarztschwyz.ch\/wp\/wp-content\/uploads\/2024\/09\/bild-natalie2-1020x1024.jpg 1020w, https:\/\/www.tierarztschwyz.ch\/wp\/wp-content\/uploads\/2024\/09\/bild-natalie2-90x90.jpg 90w\" sizes=\"auto, (max-width: 1086px) 100vw, 1086px\" \/><\/a><\/p>\n<p>&nbsp;<\/p>\n<p>Am 2. August 2024 hat <strong>Natalie Fuchs aus Willerzell<\/strong> ihre Lehre als Tiermedizinische Praxisassistentin begonnen. Nach dem Abschluss der obligatorischen Schulzeit hat sie ein einj\u00e4hriges Praktikum in der Kleintierklinik Marigin in Feusisberg gemacht.<\/p>\n<p>Wir freuen uns, Natalie die n\u00e4chsten drei Jahre begleiten zu d\u00fcrfen und w\u00fcnschen ihr alles Gute.<\/p>\n<a href=\"https:\/\/www.tierarztschwyz.ch\/?p=7298\" class=\"more-link\">weiterlesen<\/a>    <\/div>\n    <div class=\"post-extras bordered text-center\">\n            <div class=\"text-center\">\n            <span class=\"post-category\">\n                            <\/span>\n            <span class=\"post-tags\">\n                            <\/span>\n            <span class=\"post-link\">\n                            <\/span>\n        <\/div>\n    <\/div>\n<span class=\"hide\"><span class=\"author vcard\"><span class=\"fn\">admin<\/span><\/span><span class=\"entry-title\">Neue Lehrtochter<\/span><time class=\"entry-date updated\" datetime=\"2024-09-26T16:10:05+02:00\">09.26.2024<\/time><\/span><\/article>\n            <\/div>\n        <\/li>        <li class=\"post-item col-md-6\">\n            <div class=\"grid-post swatch-tierpraxis-weiss-blau\">\n<article id=\"post-7310\" class=\"post-showinfo  post-7310 post type-post status-publish format-standard hentry category-allgemein category-news\">\n    <div class=\"post-media overlay\">\n            <\/div>\n    <div class=\"post-head small-screen-center\">\n        <h2 class=\"post-title entry-title\">\n            <a href=\"https:\/\/www.tierarztschwyz.ch\/?p=7310\" title=\"Permalink to Neue Lehrtochter\" rel=\"bookmark\">\n                Neue Lehrtochter            <\/a>\n        <\/h2>\n        <small class=\"post-author\">\n            <a href=\"https:\/\/www.tierarztschwyz.ch\/?author=1\">\n                admin            <\/a>\n        <\/small>\n        <small class=\"post-date\">\n            28. August 2023        <\/small>        <div class=\"post-icon\">\n            <div class=\"hex hex-big\">\n                <i class=\"fa fa-file-text\"><\/i>            <\/div>\n        <\/div>    <\/div>\n    <div class=\"post-body entry-content\">\n                <p><a href=\"https:\/\/www.tierarztschwyz.ch\/wp\/wp-content\/uploads\/2023\/09\/Sonja2-e1769441656452.jpg\"><img loading=\"lazy\" decoding=\"async\" class=\"alignleft wp-image-7098 size-full\" src=\"https:\/\/www.tierarztschwyz.ch\/wp\/wp-content\/uploads\/2023\/09\/Sonja2-e1769441656452.jpg\" alt=\"\" width=\"1372\" height=\"1445\" srcset=\"https:\/\/www.tierarztschwyz.ch\/wp\/wp-content\/uploads\/2023\/09\/Sonja2-e1769441656452.jpg 1372w, https:\/\/www.tierarztschwyz.ch\/wp\/wp-content\/uploads\/2023\/09\/Sonja2-e1769441656452-700x737.jpg 700w, https:\/\/www.tierarztschwyz.ch\/wp\/wp-content\/uploads\/2023\/09\/Sonja2-e1769441656452-285x300.jpg 285w, https:\/\/www.tierarztschwyz.ch\/wp\/wp-content\/uploads\/2023\/09\/Sonja2-e1769441656452-972x1024.jpg 972w, https:\/\/www.tierarztschwyz.ch\/wp\/wp-content\/uploads\/2023\/09\/Sonja2-e1769441656452-768x809.jpg 768w\" sizes=\"auto, (max-width: 1372px) 100vw, 1372px\" \/><\/a><\/p>\n<p>&nbsp;<\/p>\n<p>Am 2. August 2023 hat <strong>Sonja F\u00e4ssler aus Arth<\/strong> ihre Lehre als Tiermedizinische Praxisassistentin begonnen.<\/p>\n<p>Wir freuen uns, Sonja die n\u00e4chsten drei Jahre begleiten zu d\u00fcrfen und w\u00fcnschen ihr viel Erfolg und gutes Gelingen.<\/p>\n<a href=\"https:\/\/www.tierarztschwyz.ch\/?p=7310\" class=\"more-link\">weiterlesen<\/a>    <\/div>\n    <div class=\"post-extras bordered text-center\">\n            <div class=\"text-center\">\n            <span class=\"post-category\">\n                            <\/span>\n            <span class=\"post-tags\">\n                            <\/span>\n            <span class=\"post-link\">\n                            <\/span>\n        <\/div>\n    <\/div>\n<span class=\"hide\"><span class=\"author vcard\"><span class=\"fn\">admin<\/span><\/span><span class=\"entry-title\">Neue Lehrtochter<\/span><time class=\"entry-date updated\" datetime=\"2023-08-28T17:39:26+02:00\">08.28.2023<\/time><\/span><\/article>\n            <\/div>\n        <\/li>    <\/ul>\n<\/div><\/div><\/div><\/div><\/section><section  class=\"section swatch-decoration section-nopadding has-top \" ><div class=\"decor-top\"><svg class=\"decor\" height=\"100%\" preserveaspectratio=\"none\" version=\"1.1\" viewbox=\"0 0 100 100\" width=\"100%\" xmlns=\"http:\/\/www.w3.org\/2000\/svg\">\n  <path d=\"M0 0 L100 100 L0 100\" stroke-width=\"0\"><\/path>\n<\/svg>\n<\/div><div class=\"background-media\"><\/div><div class=\"background-overlay\" style=\"background-color:rgba(0,0,0,0)\"><\/div><div class=\"container\"><div class=\"row vertical-top\"><div class=\"col-md-12  text-default\" ><\/div><\/div><\/div><\/section>\n","protected":false},"excerpt":{"rendered":"","protected":false},"author":1,"featured_media":0,"parent":0,"menu_order":0,"comment_status":"open","ping_status":"closed","template":"","meta":{"footnotes":""},"class_list":["post-4246","page","type-page","status-publish","hentry"],"publishpress_future_action":{"enabled":false,"date":"2026-05-10 14:11:42","action":"change-status","newStatus":"draft","terms":[],"taxonomy":"","extraData":[]},"publishpress_future_workflow_manual_trigger":{"enabledWorkflows":[]},"_links":{"self":[{"href":"https:\/\/www.tierarztschwyz.ch\/index.php?rest_route=\/wp\/v2\/pages\/4246","targetHints":{"allow":["GET"]}}],"collection":[{"href":"https:\/\/www.tierarztschwyz.ch\/index.php?rest_route=\/wp\/v2\/pages"}],"about":[{"href":"https:\/\/www.tierarztschwyz.ch\/index.php?rest_route=\/wp\/v2\/types\/page"}],"author":[{"embeddable":true,"href":"https:\/\/www.tierarztschwyz.ch\/index.php?rest_route=\/wp\/v2\/users\/1"}],"replies":[{"embeddable":true,"href":"https:\/\/www.tierarztschwyz.ch\/index.php?rest_route=%2Fwp%2Fv2%2Fcomments&post=4246"}],"version-history":[{"count":89,"href":"https:\/\/www.tierarztschwyz.ch\/index.php?rest_route=\/wp\/v2\/pages\/4246\/revisions"}],"predecessor-version":[{"id":7296,"href":"https:\/\/www.tierarztschwyz.ch\/index.php?rest_route=\/wp\/v2\/pages\/4246\/revisions\/7296"}],"wp:attachment":[{"href":"https:\/\/www.tierarztschwyz.ch\/index.php?rest_route=%2Fwp%2Fv2%2Fmedia&parent=4246"}],"curies":[{"name":"wp","href":"https:\/\/api.w.org\/{rel}","templated":true}]}}